{"id":11,"date":"2013-06-25T23:38:26","date_gmt":"2013-06-25T21:38:26","guid":{"rendered":"https:\/\/ottos-bustouren.de\/zuegle\/?page_id=11"},"modified":"2013-06-27T19:42:30","modified_gmt":"2013-06-27T17:42:30","slug":"s-bahnle-muellheim-badenweiler-von-1896-1955","status":"publish","type":"page","link":"https:\/\/ottos-bustouren.de\/zuegle\/s-bahnle-muellheim-badenweiler-von-1896-1955\/","title":{"rendered":"s&#8217;B\u00e4hnle von 1896 \u2013 1955"},"content":{"rendered":"<p>Schon vor dem Jahr 1870 war in M\u00fcllheim und Badenweiler der Wunsch eine Bahnverbindung zu schaffen.<br \/>\n<a href=\"https:\/\/ottos-bustouren.de\/zuegle\/wp-content\/uploads\/2013\/06\/IMG_0008-e1372354279689.jpg\"><img loading=\"lazy\" decoding=\"async\" class=\"alignleft size-thumbnail wp-image-55\" alt=\"B\u00e4hnle von M\u00fcllheim nach Badenweiler\" src=\"https:\/\/ottos-bustouren.de\/zuegle\/wp-content\/uploads\/2013\/06\/IMG_0008-150x150.jpg\" width=\"150\" height=\"150\" \/><\/a>Es sollte damit die Landwirtschaft, das Gewerbe, die Nahverbindung und vor allem der Fremdenverkehr gef\u00f6rdert werden. Doch aus Kostengr\u00fcnden musste das Vorhaben zun\u00e4chst wieder aufgegeben werden. Eine 1887 erteilte Konzession zum Bau der Gleisanlage f\u00fcr eine 1000 mm\u00a0 breite Schmalspurdampfeisenbahn wurde zur\u00fcck genommen. Darauf gr\u00fcndeten die Gemeinden M\u00fcllheim, Niederweiler, Oberweiler, Badenweiler und eine Anzahl von Privatpersonen am 8.10.1894 die M\u00fcllheim \u2013 Badenweiler Eisenbahn AG.<\/p>\n<p><a href=\"https:\/\/ottos-bustouren.de\/zuegle\/wp-content\/uploads\/2013\/06\/IMG_0009-e1372354259491.jpg\"><img loading=\"lazy\" decoding=\"async\" class=\"alignright size-thumbnail wp-image-56\" alt=\"Haltestelle in M\u00fcllheim Verkehrsamt\" src=\"https:\/\/ottos-bustouren.de\/zuegle\/wp-content\/uploads\/2013\/06\/IMG_0009-150x150.jpg\" width=\"150\" height=\"150\" \/><\/a>In knapp 16 Monaten Bauzeit, fuhr die Dampfeisenbahn am 15. Februar 1896 zum ersten Mal die Strecke vom Bahnhof M\u00fcllheim durch die Unter- und Oberstadt, Richtung dem lieblichen Weilertal, bis zum Bahnhof Badenweiler. F\u00fcr die 7,6 Km lange Strecke, brauchte das \u201eB\u00e4hnle\u201c wie es im Volksmund genannt wurde, 26 Minuten. Kurz vor dem 1.Weltkrieg trat der Dampfzug die letzte Fahrt an. Die komplette Strecke ist w\u00e4hrend dem Dampfzugbetrieb mit Personenverkehr elektrifiziert \u00a0worden und so konnte schon am <a href=\"https:\/\/ottos-bustouren.de\/zuegle\/wp-content\/uploads\/2013\/06\/IMG_0010-e1372354217472.jpg\"><img loading=\"lazy\" decoding=\"async\" class=\"alignleft size-thumbnail wp-image-57\" alt=\"s'B\u00e4hnle beim Turnh\u00e4llele\" src=\"https:\/\/ottos-bustouren.de\/zuegle\/wp-content\/uploads\/2013\/06\/IMG_0010-150x150.jpg\" width=\"150\" height=\"150\" \/><\/a>n\u00e4chsten Tag das Neue elektrische B\u00e4hnle die Strecke befahren. Ausger\u00fcstet mit geschlossenem Winterwaggon und im Sommer waren die Wagen ohne Fenster und T\u00fcren, gesichert nur mit einer Vorh\u00e4ngekette.<\/p>\n<p>Im Winter musste so mancher Passagier oberhalb vom ehemaligen Hotel Hasenburg (schr\u00e4g gegen\u00fcber vom Sportbad Richtung Badenweiler) aussteigen und bei der Bergfahrt helfen schieben, wenn die Gleise verschneit oder vereist waren.<\/p>\n<p>Die Zeit f\u00fcr das \u201eB\u00e4hnle\u201c war am 22. Mai 1955 bei der letzten Talfahrt im Bahnhof M\u00fcllheim endg\u00fcltig vorbei. Es wurde durch Linienbusse ersetzt.<\/p>\n<p>Text und Bilder von<br \/>\n<a href=\"&#x6d;&#x61;&#105;&#108;to&#x3a;&#x6b;&#x75;&#114;t&#64;&#x6c;&#x61;&#x6d;&#109;&#101;r&#x74;&#x6f;&#x6e;&#108;&#105;n&#x65;&#x2e;&#x64;&#101;\">Kurt Lammert<\/a><\/p>\n<p>&nbsp;<\/p>\n<p>&nbsp;<\/p>\n","protected":false},"excerpt":{"rendered":"<p>Schon vor dem Jahr 1870 war in M\u00fcllheim und Badenweiler der Wunsch eine Bahnverbindung zu schaffen. Es sollte damit die Landwirtschaft, das Gewerbe, die Nahverbindung und vor allem der Fremdenverkehr gef\u00f6rdert werden. Doch aus Kostengr\u00fcnden musste das Vorhaben zun\u00e4chst wieder &hellip; <a href=\"https:\/\/ottos-bustouren.de\/zuegle\/s-bahnle-muellheim-badenweiler-von-1896-1955\/\">Weiterlesen <span class=\"meta-nav\">&rarr;<\/span><\/a><\/p>\n","protected":false},"author":3,"featured_media":0,"parent":0,"menu_order":0,"comment_status":"closed","ping_status":"closed","template":"","meta":{"ngg_post_thumbnail":0,"footnotes":""},"class_list":["post-11","page","type-page","status-publish","hentry"],"_links":{"self":[{"href":"https:\/\/ottos-bustouren.de\/zuegle\/wp-json\/wp\/v2\/pages\/11","targetHints":{"allow":["GET"]}}],"collection":[{"href":"https:\/\/ottos-bustouren.de\/zuegle\/wp-json\/wp\/v2\/pages"}],"about":[{"href":"https:\/\/ottos-bustouren.de\/zuegle\/wp-json\/wp\/v2\/types\/page"}],"author":[{"embeddable":true,"href":"https:\/\/ottos-bustouren.de\/zuegle\/wp-json\/wp\/v2\/users\/3"}],"replies":[{"embeddable":true,"href":"https:\/\/ottos-bustouren.de\/zuegle\/wp-json\/wp\/v2\/comments?post=11"}],"version-history":[{"count":15,"href":"https:\/\/ottos-bustouren.de\/zuegle\/wp-json\/wp\/v2\/pages\/11\/revisions"}],"predecessor-version":[{"id":13,"href":"https:\/\/ottos-bustouren.de\/zuegle\/wp-json\/wp\/v2\/pages\/11\/revisions\/13"}],"wp:attachment":[{"href":"https:\/\/ottos-bustouren.de\/zuegle\/wp-json\/wp\/v2\/media?parent=11"}],"curies":[{"name":"wp","href":"https:\/\/api.w.org\/{rel}","templated":true}]}}