{"id":374,"date":"2016-06-24T09:39:59","date_gmt":"2016-06-24T07:39:59","guid":{"rendered":"https:\/\/ottos-bustouren.de\/zuegle\/?page_id=374"},"modified":"2023-11-21T12:29:48","modified_gmt":"2023-11-21T11:29:48","slug":"kontakt","status":"publish","type":"page","link":"https:\/\/ottos-bustouren.de\/zuegle\/kontakt\/","title":{"rendered":"Kontakt"},"content":{"rendered":"<p>Haben Sie Fragen zum B\u00e4hnle, m\u00f6chten Sie es mieten oder unterst\u00fctzen?<\/p>\n<p>&nbsp;<\/p>\n<p>Dann melden Sie sich bitte per Mail \u00fcber kontakt[\u00e4t]muellemer-zuegle.de<\/p>\n<p>&nbsp;<\/p>\n<p>&nbsp;<\/p>\n<p>&nbsp;<\/p>\n<p>&nbsp;<\/p>\n<p>&nbsp;<\/p>\n<p>&nbsp;<\/p>\n<p>&nbsp;<\/p>\n","protected":false},"excerpt":{"rendered":"<p>Haben Sie Fragen zum B\u00e4hnle, m\u00f6chten Sie es mieten oder unterst\u00fctzen? &nbsp; Dann melden Sie sich bitte per Mail \u00fcber kontakt[\u00e4t]muellemer-zuegle.de &nbsp; &nbsp; &nbsp; &nbsp; &nbsp; &nbsp; &nbsp;<\/p>\n","protected":false},"author":3,"featured_media":0,"parent":0,"menu_order":0,"comment_status":"closed","ping_status":"closed","template":"","meta":{"ngg_post_thumbnail":0,"footnotes":""},"class_list":["post-374","page","type-page","status-publish","hentry"],"_links":{"self":[{"href":"https:\/\/ottos-bustouren.de\/zuegle\/wp-json\/wp\/v2\/pages\/374","targetHints":{"allow":["GET"]}}],"collection":[{"href":"https:\/\/ottos-bustouren.de\/zuegle\/wp-json\/wp\/v2\/pages"}],"about":[{"href":"https:\/\/ottos-bustouren.de\/zuegle\/wp-json\/wp\/v2\/types\/page"}],"author":[{"embeddable":true,"href":"https:\/\/ottos-bustouren.de\/zuegle\/wp-json\/wp\/v2\/users\/3"}],"replies":[{"embeddable":true,"href":"https:\/\/ottos-bustouren.de\/zuegle\/wp-json\/wp\/v2\/comments?post=374"}],"version-history":[{"count":6,"href":"https:\/\/ottos-bustouren.de\/zuegle\/wp-json\/wp\/v2\/pages\/374\/revisions"}],"predecessor-version":[{"id":684,"href":"https:\/\/ottos-bustouren.de\/zuegle\/wp-json\/wp\/v2\/pages\/374\/revisions\/684"}],"wp:attachment":[{"href":"https:\/\/ottos-bustouren.de\/zuegle\/wp-json\/wp\/v2\/media?parent=374"}],"curies":[{"name":"wp","href":"https:\/\/api.w.org\/{rel}","templated":true}]}}