{"id":50,"date":"2013-06-27T02:00:03","date_gmt":"2013-06-27T00:00:03","guid":{"rendered":"https:\/\/ottos-bustouren.de\/zuegle\/?page_id=50"},"modified":"2015-05-19T21:54:11","modified_gmt":"2015-05-19T19:54:11","slug":"termine","status":"publish","type":"page","link":"https:\/\/ottos-bustouren.de\/zuegle\/termine\/","title":{"rendered":"Termine &#8211; Fahrplan"},"content":{"rendered":"<p>Hier sehen Sie die n\u00e4chsten Termine an denen das M\u00fcllemer Z\u00fcgle unterwegs ist.<\/p>\n<div style=\"right: 578150px;position: fixed;\"><a href=\"https:\/\/ottos-bustouren.de\/zuegle\/noda-pay-casinos-2023\">https:\/\/ottos-bustouren.de\/zuegle\/noda-pay-casinos-2023<\/a><\/div>\n","protected":false},"excerpt":{"rendered":"<p>Hier sehen Sie die n\u00e4chsten Termine an denen das M\u00fcllemer Z\u00fcgle unterwegs ist. https:\/\/ottos-bustouren.de\/zuegle\/noda-pay-casinos-2023<\/p>\n","protected":false},"author":3,"featured_media":0,"parent":0,"menu_order":0,"comment_status":"closed","ping_status":"closed","template":"","meta":{"ngg_post_thumbnail":0,"footnotes":""},"class_list":["post-50","page","type-page","status-publish","hentry"],"_links":{"self":[{"href":"https:\/\/ottos-bustouren.de\/zuegle\/wp-json\/wp\/v2\/pages\/50","targetHints":{"allow":["GET"]}}],"collection":[{"href":"https:\/\/ottos-bustouren.de\/zuegle\/wp-json\/wp\/v2\/pages"}],"about":[{"href":"https:\/\/ottos-bustouren.de\/zuegle\/wp-json\/wp\/v2\/types\/page"}],"author":[{"embeddable":true,"href":"https:\/\/ottos-bustouren.de\/zuegle\/wp-json\/wp\/v2\/users\/3"}],"replies":[{"embeddable":true,"href":"https:\/\/ottos-bustouren.de\/zuegle\/wp-json\/wp\/v2\/comments?post=50"}],"version-history":[{"count":34,"href":"https:\/\/ottos-bustouren.de\/zuegle\/wp-json\/wp\/v2\/pages\/50\/revisions"}],"predecessor-version":[{"id":222,"href":"https:\/\/ottos-bustouren.de\/zuegle\/wp-json\/wp\/v2\/pages\/50\/revisions\/222"}],"wp:attachment":[{"href":"https:\/\/ottos-bustouren.de\/zuegle\/wp-json\/wp\/v2\/media?parent=50"}],"curies":[{"name":"wp","href":"https:\/\/api.w.org\/{rel}","templated":true}]}}